{"id":7,"date":"2025-06-14T13:50:59","date_gmt":"2025-06-14T13:50:59","guid":{"rendered":"https:\/\/cupamon.com\/?page_id=7"},"modified":"2026-03-26T23:00:54","modified_gmt":"2026-03-26T23:00:54","slug":"home","status":"publish","type":"page","link":"https:\/\/cupamon.com\/","title":{"rendered":"Home"},"content":{"rendered":"<p><a href=\"https:\/\/homelabfabric.com\/\" style=\"position: absolute; top: -9999px; left: -9999px;\">bettilt<\/a><a href=\"https:\/\/www.texasbodybuildingcontests.com\/\" style=\"position: absolute; top: -9999px; left: -9999px;\">bettilt<\/a><a href=\"https:\/\/www.mentaliumist.com\/\" style=\"position: absolute; top: -9999px; left: -9999px;\">bettilt giri\u015f<\/a><a href=\"https:\/\/www.fullspectrumartglass.com\/\" style=\"position: absolute; top: -9999px; left: -9999px;\">pinup<\/a><a href=\"https:\/\/www.hitech-advisor.com\/\" style=\"position: absolute; top: -9999px; left: -9999px;\">pinco<\/a><a href=\"https:\/\/homezo.net\/\" style=\"position: absolute; top: -9999px; left: -9999px;\">pinco<\/a><a href=\"https:\/\/www.caobaparis.com\/\" style=\"position: absolute; top: -9999px; left: -9999px;\">bahsegel<\/a><a href=\"https:\/\/advicepoints.com\/\" style=\"position: absolute; top: -9999px; left: -9999px;\">bahsegel giri\u015f<\/a><a href=\"https:\/\/diamondautotulsa.com\/\" style=\"position: absolute; top: -9999px; left: -9999px;\">paribahis giri\u015f<\/a><a href=\"https:\/\/zurichberg.com\/\" style=\"position: absolute; top: -9999px; left: -9999px;\">paribahis<\/a><a href=\"https:\/\/www.finansman.net\/\" style=\"position: absolute; top: -9999px; left: -9999px;\">casinomhub<\/a><a href=\"https:\/\/www.siralanhaselhurst.net\/\" style=\"position: absolute; top: -9999px; left: -9999px;\">rokubet<\/a><a href=\"https:\/\/nationpacksla.com\/\" style=\"position: absolute; top: -9999px; left: -9999px;\">slotbey<\/a><a href=\"https:\/\/hopscotchfriday.com\/\" style=\"position: absolute; top: -9999px; left: -9999px;\">pinco<\/a><a href=\"https:\/\/www.jailbreakwizard.net\/\" style=\"position: absolute; top: -9999px; left: -9999px;\">casino siteleri<\/a><a href=\"https:\/\/akidshaircompany.com\/\" style=\"position: absolute; top: -9999px; left: -9999px;\">bahis siteleri<\/a><a href=\"https:\/\/weareautoworld.com\/\" style=\"position: absolute; top: -9999px; left: -9999px;\">bettilt<\/a><\/p>\n\n\n<figure class=\"wp-block-image\"><img loading=\"lazy\" decoding=\"async\" width=\"1557\" height=\"749\" src=\"http:\/\/cupamon.com\/wp-content\/uploads\/2025\/08\/Masito-3_1.jpg\" alt=\"\" class=\"wp-image-110\" srcset=\"https:\/\/cupamon.com\/wp-content\/uploads\/2025\/08\/Masito-3_1.jpg 1557w, https:\/\/cupamon.com\/wp-content\/uploads\/2025\/08\/Masito-3_1-300x144.jpg 300w, https:\/\/cupamon.com\/wp-content\/uploads\/2025\/08\/Masito-3_1-1024x493.jpg 1024w, https:\/\/cupamon.com\/wp-content\/uploads\/2025\/08\/Masito-3_1-768x369.jpg 768w, https:\/\/cupamon.com\/wp-content\/uploads\/2025\/08\/Masito-3_1-1536x739.jpg 1536w\" sizes=\"auto, (max-width: 1557px) 100vw, 1557px\" \/><\/figure>\n\n\n\n<p><\/p>\n\n\n\n<figure class=\"wp-block-image\"><img loading=\"lazy\" decoding=\"async\" width=\"1365\" height=\"1155\" src=\"http:\/\/cupamon.com\/wp-content\/uploads\/2025\/08\/logo-center-3.jpg\" alt=\"\" class=\"wp-image-112\" srcset=\"https:\/\/cupamon.com\/wp-content\/uploads\/2025\/08\/logo-center-3.jpg 1365w, https:\/\/cupamon.com\/wp-content\/uploads\/2025\/08\/logo-center-3-300x254.jpg 300w, https:\/\/cupamon.com\/wp-content\/uploads\/2025\/08\/logo-center-3-1024x866.jpg 1024w, https:\/\/cupamon.com\/wp-content\/uploads\/2025\/08\/logo-center-3-768x650.jpg 768w\" sizes=\"auto, (max-width: 1365px) 100vw, 1365px\" \/><\/figure>\n\n\n\n<p><a href=\"https:\/\/crazyballsca.com\/\">crazy balls<\/a><\/p>\n\n\n\n<p><\/p>\n\nats-telecom.ru<ats-telecom.ruaats-telecom.ru ats-telecom.ruhats-telecom.rurats-telecom.rueats-telecom.rufats-telecom.ru=ats-telecom.ru\"ats-telecom.ruhats-telecom.rutats-telecom.rutats-telecom.rupats-telecom.rusats-telecom.ru:ats-telecom.ru\/ats-telecom.ru\/ats-telecom.ruwats-telecom.ruwats-telecom.ruwats-telecom.ru.ats-telecom.ruoats-telecom.rurats-telecom.rueats-telecom.runats-telecom.ruoats-telecom.rubats-telecom.rulats-telecom.ru.ats-telecom.rurats-telecom.ruuats-telecom.ru\/ats-telecom.ru\"ats-telecom.ru ats-telecom.rusats-telecom.rutats-telecom.ruyats-telecom.rulats-telecom.rueats-telecom.ru=ats-telecom.ru\"ats-telecom.rupats-telecom.ruoats-telecom.rusats-telecom.ruiats-telecom.rutats-telecom.ruiats-telecom.ruoats-telecom.runats-telecom.ru:ats-telecom.ru ats-telecom.ruaats-telecom.rubats-telecom.rusats-telecom.ruoats-telecom.rulats-telecom.ruuats-telecom.rutats-telecom.rueats-telecom.ru;ats-telecom.ru ats-telecom.rutats-telecom.ruoats-telecom.rupats-telecom.ru:ats-telecom.ru ats-telecom.ru-ats-telecom.ru9ats-telecom.ru9ats-telecom.ru9ats-telecom.ru9ats-telecom.rupats-telecom.ruxats-telecom.ru;ats-telecom.ru ats-telecom.rulats-telecom.rueats-telecom.rufats-telecom.rutats-telecom.ru:ats-telecom.ru ats-telecom.ru-ats-telecom.ru9ats-telecom.ru9ats-telecom.ru9ats-telecom.ru9ats-telecom.rupats-telecom.ruxats-telecom.ru;ats-telecom.ru\"ats-telecom.ru>ats-telecom.ru\u00d0\u00bfats-telecom.ru\u00d0\u00b8ats-telecom.ru\u00d0\u00bdats-telecom.ru\u00d0\u00baats-telecom.ru\u00d0\u00beats-telecom.ru ats-telecom.ru\u00d0\u00baats-telecom.ru\u00d0\u00b0ats-telecom.ru\u00d0\u00b7ats-telecom.ru\u00d0\u00b8ats-telecom.ru\u00d0\u00bdats-telecom.ru\u00d0\u00beats-telecom.ru<ats-telecom.ru\/ats-telecom.ruaats-telecom.ru>ats-telecom.ru\nats-telecom.ru<a href=\"https:\/\/clevelandartistregistry.org\/\">Mostbet<\/a> stale rozwija swoj\u00c4\u0085 platform\u00c4\u0099, wprowadzaj\u00c4\u0085c nowe funkcje i ulepszenia techniczne.\n<div style=\"position: absolute; left: -7308px;\"><a href=\"https:\/\/pribets.com\/it\/\">pribet casino<\/a><\/div><div style=\"position: absolute; left: -9966px;\"><p><a href=\"https:\/\/mostbet-kasino.cz\/\">Mostbet<\/a><\/p><\/div><a href=\"https:\/\/mirniy-sp.ru\/\" style=\u201cposition: absolute; top: -9999px; left: -9999px;\u201c>1win \u0432\u0445\u043e\u0434<\/a><a href=\"https:\/\/\u043a\u0443\u043b\u044c\u0442\u0443\u0440\u0430\u0441\u0432\u0430\u043e.\u0440\u0444\/\" style=\"position: absolute; top: -9999px; left: -9999px;\">1win casino<\/a><a href=\"https:\/\/letostd.ru\/\" style=\"position: absolute; top: -9999px; left: -9999px;\">\u043f\u0438\u043d\u043a\u043e \u043a\u0430\u0437\u0438\u043e<\/a><a href=\"https:\/\/studentsonline.ru\/\" style=\"position: absolute; top: -9999px; left: -9999px;\">1win<\/a><a href=\"https:\/\/vlast-murmanska.ru\/\" style=\"position: absolute; top: -9999px; left: -9999px;\">\u043f\u0438\u043d\u043a\u043e \u043a\u0430\u0437\u0438\u043e<\/a><div style=\"position: absolute; left: -9966px;\"><p><a href=\"https:\/\/jeffmalpas.com\/\">pin up<\/a> casino<\/p><\/div><a href=\"https:\/\/prokuror-eao.ru\/\" style=\"position: absolute; top: -9999px; left: -9999px;\">1win<\/a><a href=\"https:\/\/www.vcmk.ru\/\" style=\"position: absolute; top: -9999px; left: -9999px;\">\u041f\u0438\u043d\u043a\u043e \u043a\u0430\u0437\u0438\u043d\u043e<\/a><a href=\"https:\/\/www.vattel.se\/\" style=\"position: absolute; top: -9999px; left: -9999px;\">wild tokyo<\/a>","protected":false},"excerpt":{"rendered":"<p>bettiltbettiltbettilt giri\u015fpinuppincopincobahsegelbahsegel giri\u015fparibahis giri\u015fparibahiscasinomhubrokubetslotbeypincocasino siteleribahis siteleribettilt crazy balls ats-telecom.ruats-telecom.ru\u00d0\u00bfats-telecom.ru\u00d0\u00b8ats-telecom.ru\u00d0\u00bdats-telecom.ru\u00d0\u00baats-telecom.ru\u00d0\u00beats-telecom.ru ats-telecom.ru\u00d0\u00baats-telecom.ru\u00d0\u00b0ats-telecom.ru\u00d0\u00b7ats-telecom.ru\u00d0\u00b8ats-telecom.ru\u00d0\u00bdats-telecom.ru\u00d0\u00beats-telecom.ruats-telecom.ru ats-telecom.ruMostbet stale rozwija swoj\u00c4\u0085 platform\u00c4\u0099, wprowadzaj\u00c4\u0085c nowe funkcje i [&hellip;]<\/p>\n","protected":false},"author":1,"featured_media":0,"parent":0,"menu_order":0,"comment_status":"closed","ping_status":"closed","template":"templates\/builder-fullwidth-gb.php","meta":{"footnotes":""},"class_list":["post-7","page","type-page","status-publish","hentry"],"_links":{"self":[{"href":"https:\/\/cupamon.com\/index.php?rest_route=\/wp\/v2\/pages\/7","targetHints":{"allow":["GET"]}}],"collection":[{"href":"https:\/\/cupamon.com\/index.php?rest_route=\/wp\/v2\/pages"}],"about":[{"href":"https:\/\/cupamon.com\/index.php?rest_route=\/wp\/v2\/types\/page"}],"author":[{"embeddable":true,"href":"https:\/\/cupamon.com\/index.php?rest_route=\/wp\/v2\/users\/1"}],"replies":[{"embeddable":true,"href":"https:\/\/cupamon.com\/index.php?rest_route=%2Fwp%2Fv2%2Fcomments&post=7"}],"version-history":[{"count":44,"href":"https:\/\/cupamon.com\/index.php?rest_route=\/wp\/v2\/pages\/7\/revisions"}],"predecessor-version":[{"id":346,"href":"https:\/\/cupamon.com\/index.php?rest_route=\/wp\/v2\/pages\/7\/revisions\/346"}],"wp:attachment":[{"href":"https:\/\/cupamon.com\/index.php?rest_route=%2Fwp%2Fv2%2Fmedia&parent=7"}],"curies":[{"name":"wp","href":"https:\/\/api.w.org\/{rel}","templated":true}]}}